{"id":154,"date":"2021-01-17T15:13:04","date_gmt":"2021-01-17T15:13:04","guid":{"rendered":"https:\/\/h154052.web205.dogado.net\/?page_id=2\/?page_id=154"},"modified":"2021-01-17T17:29:35","modified_gmt":"2021-01-17T17:29:35","slug":"schreiben-sie-uns-oder-rufen-sie-uns-einfach-an","status":"publish","type":"page","link":"https:\/\/www.keschdeichel.de\/?page_id=154","title":{"rendered":"Schreiben Sie uns oder rufen Sie uns einfach an!"},"content":{"rendered":"\n<figure class=\"wp-block-pullquote\"><blockquote><p>Freundlich, schnell und unkompliziert <\/p><cite>So l\u00e4uft der Kontakt mit uns. Wir freuen uns von Ihnen zu h\u00f6ren<\/cite><\/blockquote><\/figure>\n\n\n\n<p>Ihnen gef\u00e4llt unser Angebot, Sie haben sich f\u00fcr uns entschieden oder haben noch Fragen? Dann nehmen Sie gerne Kontakt mit uns auf. Wir freuen uns auf Sie und helfen Ihnen gerne weiter.<\/p>\n\n\n\n<h3>Unsere Kontaktdaten<\/h3>\n\n\n\n<p>Katja Hei\u00dfler<br>Hahnenbachstra\u00dfe 29<br>76855 Annweiler-Gr\u00e4fenhausen<br>Telefon <a href=\"tel:+4963469290517\">0 63 46 \/ 9 29 05 17<\/a><br>E-Mail: <a href=\"mailto:info@keschdeichel.de\">info@keschdeichel.de<\/a><\/p>\n","protected":false},"excerpt":{"rendered":"<p>Freundlich, schnell und unkompliziert So l\u00e4uft der Kontakt mit uns. Wir freuen uns von Ihnen zu h\u00f6ren Ihnen gef\u00e4llt unser Angebot, Sie [&hellip;]<\/p>\n","protected":false},"author":2,"featured_media":0,"parent":0,"menu_order":0,"comment_status":"closed","ping_status":"closed","template":"page-templates\/page_fullwidth.php","meta":[],"_links":{"self":[{"href":"https:\/\/www.keschdeichel.de\/index.php?rest_route=\/wp\/v2\/pages\/154"}],"collection":[{"href":"https:\/\/www.keschdeichel.de\/index.php?rest_route=\/wp\/v2\/pages"}],"about":[{"href":"https:\/\/www.keschdeichel.de\/index.php?rest_route=\/wp\/v2\/types\/page"}],"author":[{"embeddable":true,"href":"https:\/\/www.keschdeichel.de\/index.php?rest_route=\/wp\/v2\/users\/2"}],"replies":[{"embeddable":true,"href":"https:\/\/www.keschdeichel.de\/index.php?rest_route=%2Fwp%2Fv2%2Fcomments&post=154"}],"version-history":[{"count":5,"href":"https:\/\/www.keschdeichel.de\/index.php?rest_route=\/wp\/v2\/pages\/154\/revisions"}],"predecessor-version":[{"id":213,"href":"https:\/\/www.keschdeichel.de\/index.php?rest_route=\/wp\/v2\/pages\/154\/revisions\/213"}],"wp:attachment":[{"href":"https:\/\/www.keschdeichel.de\/index.php?rest_route=%2Fwp%2Fv2%2Fmedia&parent=154"}],"curies":[{"name":"wp","href":"https:\/\/api.w.org\/{rel}","templated":true}]}}