{"id":179,"date":"2021-01-17T15:56:36","date_gmt":"2021-01-17T15:56:36","guid":{"rendered":"https:\/\/h154052.web205.dogado.net\/?page_id=2\/?page_id=179"},"modified":"2021-01-17T17:29:52","modified_gmt":"2021-01-17T17:29:52","slug":"impressum","status":"publish","type":"page","link":"https:\/\/www.keschdeichel.de\/?page_id=179","title":{"rendered":"Impressum"},"content":{"rendered":"\n<h1>Impressum f\u00fcr www.keschdeichel.de<\/h1>\n\n\n\n<h2>Angaben gem. \u00a7 5 TMG<\/h2>\n\n\n\n<h3>Betreiber und Kontakt<\/h3>\n\n\n\n<p>Ferienwohnung Keschdeichel<br>Katja Hei\u00dfler<br>Hahnenbachstra\u00dfe 29 <br>76855 Annweiler-Gr\u00e4fenhausen<br><\/p>\n\n\n\n<p>Telefon:\u00a0<a href=\"tel:+4963467717\"><a href=\"tel:+4963469290517\">0 63 46 \/ 9 29 05 17<\/a><\/a><br>E-Mail:\u00a0<a href=\"info@keschdeichel.de\"><\/a><a href=\"mailto:info@keschdeichel.de\">info@keschdeichel.de<\/a><\/p>\n\n\n\n<h3>Vertretung<\/h3>\n\n\n\n<p>Christina Gr\u00f6ber wird vertreten duch Matthias Gr\u00f6ber<br>Kontaktdaten analog.<\/p>\n\n\n\n<h3>Haftung f\u00fcr Inhalte<\/h3>\n\n\n\n<p>Als Diensteanbieter bin ich gem\u00e4\u00df \u00a7 7 Abs.1 TMG f\u00fcr eigene Inhalte auf diesen Seiten nach den allgemeinen Gesetzen verantwortlich. Nach \u00a7 8 bis 10 TMG bin ich als Diensteanbieter jedoch nicht verpflichtet, \u00fcbermittelte oder gespeicherte fremde Informationen zu \u00fcberwachen oder nach Umst\u00e4nden zu forschen, die auf eine rechtswidrige T\u00e4tigkeit hinweisen. Verpflichtungen zur Entfernung oder Sperrung der Nutzung von Informationen nach den allgemeinen Gesetzen bleiben hiervon unber\u00fchrt. Eine diesbez\u00fcgliche Haftung ist jedoch erst ab dem Zeitpunkt der Kenntnis einer konkreten Rechtsverletzung m\u00f6glich. Bei Bekanntwerden von entsprechenden Rechtsverletzungen werde ich diese Inhalte umgehend entfernen.<\/p>\n\n\n\n<h3>Haftung f\u00fcr Links<\/h3>\n\n\n\n<p>Mein Angebot enth\u00e4lt Links zu externen Webseiten Dritter, auf deren Inhalte ich keinen Einfluss habe. Deshalb kann ich f\u00fcr diese fremden Inhalte auch keine Gew\u00e4hr \u00fcbernehmen. F\u00fcr die Inhalte der verlinkten Seiten ist stets der jeweilige Anbieter oder Betreiber der Seiten verantwortlich. Die verlinkten Seiten wurden zum Zeitpunkt der Verlinkung auf m\u00f6gliche Rechtsverst\u00f6\u00dfe \u00fcberpr\u00fcft. Rechtswidrige Inhalte waren zum Zeitpunkt der Verlinkung nicht erkennbar. Eine permanente inhaltliche Kontrolle der verlinkten Seiten ist jedoch ohne konkrete Anhaltspunkte einer Rechtsverletzung nicht zumutbar. Bei Bekanntwerden von Rechtsverletzungen werde ich derartige Links umgehend entfernen.<\/p>\n\n\n\n<h3>Urheberrecht<\/h3>\n\n\n\n<p>Die durch die Seitenbetreiber erstellten Inhalte und Werke auf diesen Seiten unterliegen dem deutschen Urheberrecht. Die Vervielf\u00e4ltigung, Bearbeitung, Verbreitung und jede Art der Verwertung au\u00dferhalb der Grenzen des Urheberrechtes bed\u00fcrfen der schriftlichen Zustimmung des jeweiligen Autors bzw. Erstellers. Downloads und Kopien dieser Seite sind nur f\u00fcr den privaten, nicht kommerziellen Gebrauch gestattet. Soweit die Inhalte auf dieser Seite nicht vom Betreiber erstellt wurden, werden die Urheberrechte Dritter beachtet. Insbesondere werden Inhalte Dritter als solche gekennzeichnet. Sollten Sie trotzdem auf eine Urheberrechtsverletzung aufmerksam werden, bitten wir um einen entsprechenden Hinweis. Bei Bekanntwerden von Rechtsverletzungen werde ich derartige Inhalte umgehend entfernen.<\/p>\n\n\n\n<p>Gem\u00e4\u00df \u00a7 28 BDSG widersprechen wir jeder kommerziellen Verwendung und Weitergabe unserer Daten.<\/p>\n\n\n\n<h3>Quellen<\/h3>\n\n\n\n<h4>Verwendetes Bilder- und Grafikmaterial<\/h4>\n\n\n\n<p>Katja Hei\u00dfler<\/p>\n\n\n\n<h4>Quelle und Lizenzrechte f\u00fcr das dem Internetauftritt zugrundeligende Template<\/h4>\n\n\n\n<p>Just another fine responsive site template designed by&nbsp;<a href=\"http:\/\/html5up.net\/\">HTML5 UP<\/a>&nbsp;and released for free under the&nbsp;<a href=\"http:\/\/html5up.net\/license\">Creative Commons<\/a>.<\/p>\n\n\n\n<h4>Impressum<\/h4>\n\n\n\n<p><a href=\"http:\/\/www.e-recht24.de\/\" target=\"_blank\" rel=\"noreferrer noopener\">http:\/\/www.e-recht24.de<\/a>&nbsp;und&nbsp;<a href=\"http:\/\/www.onlinemarketing-ihk.de\/\" target=\"_blank\" rel=\"noreferrer noopener\">http:\/\/www.onlinemarketing-ihk.de<\/a><\/p>\n","protected":false},"excerpt":{"rendered":"<p>Impressum f\u00fcr www.keschdeichel.de Angaben gem. \u00a7 5 TMG Betreiber und Kontakt Ferienwohnung KeschdeichelKatja Hei\u00dflerHahnenbachstra\u00dfe 29 76855 Annweiler-Gr\u00e4fenhausen Telefon:\u00a00 63 46 \/ 9 [&hellip;]<\/p>\n","protected":false},"author":2,"featured_media":0,"parent":0,"menu_order":0,"comment_status":"closed","ping_status":"closed","template":"page-templates\/page_fullwidth.php","meta":[],"_links":{"self":[{"href":"https:\/\/www.keschdeichel.de\/index.php?rest_route=\/wp\/v2\/pages\/179"}],"collection":[{"href":"https:\/\/www.keschdeichel.de\/index.php?rest_route=\/wp\/v2\/pages"}],"about":[{"href":"https:\/\/www.keschdeichel.de\/index.php?rest_route=\/wp\/v2\/types\/page"}],"author":[{"embeddable":true,"href":"https:\/\/www.keschdeichel.de\/index.php?rest_route=\/wp\/v2\/users\/2"}],"replies":[{"embeddable":true,"href":"https:\/\/www.keschdeichel.de\/index.php?rest_route=%2Fwp%2Fv2%2Fcomments&post=179"}],"version-history":[{"count":4,"href":"https:\/\/www.keschdeichel.de\/index.php?rest_route=\/wp\/v2\/pages\/179\/revisions"}],"predecessor-version":[{"id":214,"href":"https:\/\/www.keschdeichel.de\/index.php?rest_route=\/wp\/v2\/pages\/179\/revisions\/214"}],"wp:attachment":[{"href":"https:\/\/www.keschdeichel.de\/index.php?rest_route=%2Fwp%2Fv2%2Fmedia&parent=179"}],"curies":[{"name":"wp","href":"https:\/\/api.w.org\/{rel}","templated":true}]}}