{"id":181,"date":"2021-01-17T15:58:16","date_gmt":"2021-01-17T15:58:16","guid":{"rendered":"https:\/\/h154052.web205.dogado.net\/?page_id=2\/?page_id=181"},"modified":"2021-01-17T16:07:34","modified_gmt":"2021-01-17T16:07:34","slug":"allgemeine-geschaeftsbedingungen-agb","status":"publish","type":"page","link":"https:\/\/www.keschdeichel.de\/?page_id=181","title":{"rendered":"Allgemeine Gesch\u00e4ftsbedingungen (AGB)"},"content":{"rendered":"\n<p>Der Gastaufnahmevertrag ist abgeschlossen, sobald das Zimmer bestellt und zugesagt oder \u2013 falls eine Zusage aus Zeitgr\u00fcnden nicht mehr m\u00f6glich war \u2013 bereitgestellt worden ist. Der Abschluss des Gastaufnahmevertrages verpflichtet die Vertragspartner zur Erf\u00fcllung des Vertrages, gleichg\u00fcltig auf welche Dauer der Vertrag abgeschlossen ist. Der Gastgeber (Vermieter) ist verpflichtet, bei Nichtbereitstellung des Zimmers dem Gast Schadenersatz zu leisten. G\u00e4ste, die sp\u00e4ter als 18.00 Uhr anreisen, sollten den Vermieter davon unterrichten. Der Gast ist verpflichtet, bei Nichtinanspruchnahme der vertraglichen Leistungen den vereinbarten oder betriebs\u00fcblichen Preis zu bezahlen, abz\u00fcglich der vom Vermieter ersparten Aufwendungen. Die Einsparungen betragen normalerweise 10%. Der Gastgeber ist nach Treu und Glauben gehalten, nicht in Anspruch genommene Zimmer nach M\u00f6glichkeit anderweitig zu vergeben, um Ausf\u00e4lle zu vermeiden. Bis zur anderweitigen Vergabe des Zimmers hat der Gast f\u00fcr die Dauer des Vertrages den errechneten Betrag zu bezahlen.<br>Ausschlie\u00dflicher Gerichtsstand ist der Betriebsort.<\/p>\n","protected":false},"excerpt":{"rendered":"<p>Der Gastaufnahmevertrag ist abgeschlossen, sobald das Zimmer bestellt und zugesagt oder \u2013 falls eine Zusage aus Zeitgr\u00fcnden nicht mehr m\u00f6glich war \u2013 [&hellip;]<\/p>\n","protected":false},"author":2,"featured_media":0,"parent":0,"menu_order":0,"comment_status":"closed","ping_status":"closed","template":"page-templates\/page_fullwidth.php","meta":[],"_links":{"self":[{"href":"https:\/\/www.keschdeichel.de\/index.php?rest_route=\/wp\/v2\/pages\/181"}],"collection":[{"href":"https:\/\/www.keschdeichel.de\/index.php?rest_route=\/wp\/v2\/pages"}],"about":[{"href":"https:\/\/www.keschdeichel.de\/index.php?rest_route=\/wp\/v2\/types\/page"}],"author":[{"embeddable":true,"href":"https:\/\/www.keschdeichel.de\/index.php?rest_route=\/wp\/v2\/users\/2"}],"replies":[{"embeddable":true,"href":"https:\/\/www.keschdeichel.de\/index.php?rest_route=%2Fwp%2Fv2%2Fcomments&post=181"}],"version-history":[{"count":1,"href":"https:\/\/www.keschdeichel.de\/index.php?rest_route=\/wp\/v2\/pages\/181\/revisions"}],"predecessor-version":[{"id":182,"href":"https:\/\/www.keschdeichel.de\/index.php?rest_route=\/wp\/v2\/pages\/181\/revisions\/182"}],"wp:attachment":[{"href":"https:\/\/www.keschdeichel.de\/index.php?rest_route=%2Fwp%2Fv2%2Fmedia&parent=181"}],"curies":[{"name":"wp","href":"https:\/\/api.w.org\/{rel}","templated":true}]}}