{"id":183,"date":"2021-01-17T15:59:03","date_gmt":"2021-01-17T15:59:03","guid":{"rendered":"https:\/\/h154052.web205.dogado.net\/?page_id=2\/?page_id=183"},"modified":"2021-01-17T16:07:48","modified_gmt":"2021-01-17T16:07:48","slug":"datenschutzerklaerung-fuer-www-keschdeichel-de","status":"publish","type":"page","link":"https:\/\/www.keschdeichel.de\/?page_id=183","title":{"rendered":"Datenschutzerkl\u00e4rung f\u00fcr www.keschdeichel.de"},"content":{"rendered":"\n<h2>Verschl\u00fcsselung<\/h2>\n\n\n\n<p>Um Ihre Daten, die Sie bei der Nutzung unseres Internetauftritts \u00fcbermitteln, vor unerw\u00fcnschten Zugriffen zu sch\u00fctzen, setzen wir ein Verschl\u00fcsselungsverfahren ein. Ihre Angaben werden bei der \u00dcbertragung von Ihrem Rechner, \u00fcber das Internet, zu den Servern unseres Webhostinganbieters und umgekehrt mittels einer 256 Bit SSL-Verschl\u00fcsselt.<\/p>\n\n\n\n<h2>Zugriffsdaten<\/h2>\n\n\n\n<p>Um die Qualit\u00e4t unseres Internetauftritts zu verbessern, speichern wir zu statistischen Zwecken Daten bei unserem Webhostinganbieter. Diese sind u.a.:<\/p>\n\n\n\n<ul><li>Die Seite, von der aus die Datei angefordert wurde,<\/li><li>dem Namen der Datei,<\/li><li>dem Datum und der Uhrzeit der Abfrage,<\/li><li>der \u00fcbertragenen Datenmenge,<\/li><li>dem Zugriffsstatus (Datei \u00fcbertragen, Datei nicht gefunden),<\/li><li>Beschreibung des Typs des verwendeten Webbrowsers,<\/li><li>der IP-Adresse des anfragenden Rechners<\/li><\/ul>\n\n\n\n<p>Die Aufz\u00e4hlung ist nicht abschlie\u00dfend.<\/p>\n\n\n\n<h2>Kontaktdaten<\/h2>\n\n\n\n<p>Sie k\u00f6nnen sich \u00fcber das Kontaktformular, per E-Mail oder telefonisch jederzeit mit Fragen oder Anregungen an uns wenden. Um Ihre Fragen beantworten oder Ihnen eine R\u00fcckmeldung zukommen lassen zu k\u00f6nnen, ben\u00f6tigen wir folgende Angaben: Name, Vorname, E-Mail-Adresse. Diese Daten verwenden wir ausschlie\u00dflich f\u00fcr o.g. Zwecke.<\/p>\n\n\n\n<h2>Cookies<\/h2>\n\n\n\n<p>Zur besseren Benutzerf\u00fchrung setzen wir dauerhafte und so genannte Session Cookies ein. Session Cookies werden mit dem Verlassen unseres Internetauftritts automatisch gel\u00f6scht. Sie k\u00f6nnen Ihren Browser so einstellen, dass er Sie \u00fcber die Platzierung von Cookies informiert. So wird der Gebrauch f\u00fcr Sie transparent.<\/p>\n\n\n\n<h2>Google Analytics<\/h2>\n\n\n\n<p>Diese Website benutzt Google Analytics, einen Webanalysedienst der Google Inc. (&#8222;Google&#8220;). Google Analytics verwendet sog. \u201eCookies\u201c, Textdateien, die auf Ihrem Computer gespeichert werden und die eine Analyse der Benutzung der Website durch Sie erm\u00f6glichen. Die durch den Cookie erzeugten Informationen \u00fcber Ihre Benutzung dieser Website werden i.d.R. an einen Server von Google in den USA \u00fcbertragen und dort gespeichert. Im Falle der Aktivierung der IP-Anonymisierung auf dieser Webseite, wird Ihre IP-Adresse von Google jedoch innerhalb von Mitgliedstaaten der Europ\u00e4ischen Union oder in anderen Vertragsstaaten des Abkommens \u00fcber den Europ\u00e4ischen Wirtschaftsraum zuvor gek\u00fcrzt. Nur in Ausnahmef\u00e4llen wird die volle IP-Adresse an einen Server von Google in den USA \u00fcbertragen und dort gek\u00fcrzt. Im Auftrag des Betreibers dieser Website wird Google diese Informationen benutzen, um Ihre Nutzung der Website auszuwerten, um Reports \u00fcber die Websiteaktivit\u00e4ten zusammenzustellen und um weitere mit der Websitenutzung und der Internetnutzung verbundene Dienstleistungen gegen\u00fcber dem Websitebetreiber zu erbringen. Die im Rahmen von Google Analytics von Ihrem Browser \u00fcbermittelte IP-Adresse wird nicht mit anderen Daten von Google zusammengef\u00fchrt. Sie k\u00f6nnen die Speicherung der Cookies durch eine entsprechende Einstellung Ihrer Browser-Software verhindern; wir weisen Sie jedoch darauf hin, dass Sie in diesem Fall gegebenenfalls nicht s\u00e4mtliche Funktionen dieser Website vollumf\u00e4nglich werden nutzen k\u00f6nnen. Sie k\u00f6nnen dar\u00fcber hinaus die Erfassung der durch das Cookie erzeugten und auf Ihre Nutzung der Website bezogenen Daten (inkl. Ihrer IP-Adresse) an Google sowie die Verarbeitung dieser Daten durch Google verhindern, indem sie f\u00fcr Ihren Browser verf\u00fcgbare Plugins herunterladen und installieren.Weitere Informationen zur Verwendung Ihrer Daten durch google finden Sie unter&nbsp;<a href=\"https:\/\/www.google.de\/analytics\/terms\/de.html\">https:\/\/www.google.de\/analytics\/terms\/de.html<\/a><\/p>\n\n\n\n<h2>Fremde Inhalte<\/h2>\n\n\n\n<p>Auf Seiten unseres Webangebotes k\u00f6nnen auch Inhalte Dritter (z.B. YouTube Videos oder Videos anderer Anbieter, Google-Maps, RSS-Feeds o.\u00c4.) eingebunden sein. Die Anbieter dieser Inhalte speichen i.d.R. Cockies auf dem Rechner der Nutzer. Dies k\u00f6nnen Sie durch entsprechende Einstellungen Ihres Browsers verhindern, was jedoch zur Folge haben kann, dass diese Inhalte nicht korrekt angezeigt werden. Dar\u00fcber hinaus speichern viele (Dritt-)Anbieter die IP-Adresse der Nutzer, um die entsprechenden Inhalte an den Browser des Nutzers senden zu k\u00f6nnen. Auf die Verwendung der IP-Adresse beim (Dritt-)Anbieter haben wir keinen Einfluss.<\/p>\n","protected":false},"excerpt":{"rendered":"<p>Verschl\u00fcsselung Um Ihre Daten, die Sie bei der Nutzung unseres Internetauftritts \u00fcbermitteln, vor unerw\u00fcnschten Zugriffen zu sch\u00fctzen, setzen wir ein Verschl\u00fcsselungsverfahren ein. [&hellip;]<\/p>\n","protected":false},"author":2,"featured_media":0,"parent":0,"menu_order":0,"comment_status":"closed","ping_status":"closed","template":"page-templates\/page_fullwidth.php","meta":[],"_links":{"self":[{"href":"https:\/\/www.keschdeichel.de\/index.php?rest_route=\/wp\/v2\/pages\/183"}],"collection":[{"href":"https:\/\/www.keschdeichel.de\/index.php?rest_route=\/wp\/v2\/pages"}],"about":[{"href":"https:\/\/www.keschdeichel.de\/index.php?rest_route=\/wp\/v2\/types\/page"}],"author":[{"embeddable":true,"href":"https:\/\/www.keschdeichel.de\/index.php?rest_route=\/wp\/v2\/users\/2"}],"replies":[{"embeddable":true,"href":"https:\/\/www.keschdeichel.de\/index.php?rest_route=%2Fwp%2Fv2%2Fcomments&post=183"}],"version-history":[{"count":1,"href":"https:\/\/www.keschdeichel.de\/index.php?rest_route=\/wp\/v2\/pages\/183\/revisions"}],"predecessor-version":[{"id":184,"href":"https:\/\/www.keschdeichel.de\/index.php?rest_route=\/wp\/v2\/pages\/183\/revisions\/184"}],"wp:attachment":[{"href":"https:\/\/www.keschdeichel.de\/index.php?rest_route=%2Fwp%2Fv2%2Fmedia&parent=183"}],"curies":[{"name":"wp","href":"https:\/\/api.w.org\/{rel}","templated":true}]}}