{"id":99,"date":"2021-01-17T13:31:50","date_gmt":"2021-01-17T13:31:50","guid":{"rendered":"https:\/\/h154052.web205.dogado.net\/?page_id=2\/?page_id=99"},"modified":"2025-04-28T17:11:56","modified_gmt":"2025-04-28T17:11:56","slug":"99-2","status":"publish","type":"page","link":"https:\/\/www.keschdeichel.de\/","title":{"rendered":"Herzlich Willkommen"},"content":{"rendered":"\n<p>in unserer neu, modern und gem\u00fctlich eingerichteten Ferienwohnung \u201eKeschdeichel\u201c. Wir leben hier im beschaulichen <a rel=\"noreferrer noopener\" href=\"http:\/\/burgunderdorf.de\" target=\"_blank\">Dorf Gr\u00e4fenhausen<\/a>, in einem Seitental der <a rel=\"noreferrer noopener\" href=\"https:\/\/www.annweiler.de\/de\/index.php\" target=\"_blank\">Kleinstadt Annweiler am Trifels<\/a>. Um unser Dorf erstreckt sich eine wundersch\u00f6ne bewaldete H\u00fcgellandschaft, die durch die Wipfel des Pf\u00e4lzerwaldes gekr\u00f6nt wird und durchzogen ist mit bezaubernden Weinreben.<\/p>\n\n\n\n<figure class=\"wp-block-image size-large is-style-default\"><img decoding=\"async\" loading=\"lazy\" width=\"1024\" height=\"576\" src=\"https:\/\/www.keschdeichel.de\/wp-content\/uploads\/2021\/01\/151-1024x576.jpg\" alt=\"\" class=\"wp-image-118\"\/><figcaption class=\"wp-element-caption\">Blick \u00fcber die Weinberge in Gr\u00e4fenhausen auf die Stadt Annweiler<\/figcaption><\/figure>\n\n\n<div class=\"wp-block-image is-style-default\">\n<figure class=\"alignleft is-resized\"><img decoding=\"async\" loading=\"lazy\" src=\"https:\/\/www.keschdeichel.de\/wp-content\/uploads\/2022\/01\/Klassifizierung_F4Sterne-300x57.png\" alt=\"\" class=\"wp-image-275\" width=\"300\" height=\"57\" srcset=\"https:\/\/www.keschdeichel.de\/wp-content\/uploads\/2022\/01\/Klassifizierung_F4Sterne-300x57.png 300w, https:\/\/www.keschdeichel.de\/wp-content\/uploads\/2022\/01\/Klassifizierung_F4Sterne-768x146.png 768w, https:\/\/www.keschdeichel.de\/wp-content\/uploads\/2022\/01\/Klassifizierung_F4Sterne-830x158.png 830w, https:\/\/www.keschdeichel.de\/wp-content\/uploads\/2022\/01\/Klassifizierung_F4Sterne-230x44.png 230w, https:\/\/www.keschdeichel.de\/wp-content\/uploads\/2022\/01\/Klassifizierung_F4Sterne-350x67.png 350w, https:\/\/www.keschdeichel.de\/wp-content\/uploads\/2022\/01\/Klassifizierung_F4Sterne-480x91.png 480w, https:\/\/www.keschdeichel.de\/wp-content\/uploads\/2022\/01\/Klassifizierung_F4Sterne.png 993w\" sizes=\"(max-width: 300px) 100vw, 300px\" \/><figcaption class=\"wp-element-caption\">Unsere Ferienwohnung ist vom <br>Deutschen Tourismusverband e.V.<br>mit 4 Sternen klassifiziert.<\/figcaption><\/figure><\/div>\n\n\n<p class=\"has-large-font-size\">Unsere Ferienwohnung<\/p>\n\n\n\n<figure class=\"wp-block-image size-large\"><img decoding=\"async\" loading=\"lazy\" width=\"895\" height=\"1024\" src=\"https:\/\/www.keschdeichel.de\/wp-content\/uploads\/2025\/04\/IMG_0668-895x1024.jpg\" alt=\"\" class=\"wp-image-319\" srcset=\"https:\/\/www.keschdeichel.de\/wp-content\/uploads\/2025\/04\/IMG_0668-895x1024.jpg 895w, https:\/\/www.keschdeichel.de\/wp-content\/uploads\/2025\/04\/IMG_0668-262x300.jpg 262w, https:\/\/www.keschdeichel.de\/wp-content\/uploads\/2025\/04\/IMG_0668-768x879.jpg 768w, https:\/\/www.keschdeichel.de\/wp-content\/uploads\/2025\/04\/IMG_0668-1343x1536.jpg 1343w, https:\/\/www.keschdeichel.de\/wp-content\/uploads\/2025\/04\/IMG_0668-1000x1144.jpg 1000w, https:\/\/www.keschdeichel.de\/wp-content\/uploads\/2025\/04\/IMG_0668-230x263.jpg 230w, https:\/\/www.keschdeichel.de\/wp-content\/uploads\/2025\/04\/IMG_0668-350x400.jpg 350w, https:\/\/www.keschdeichel.de\/wp-content\/uploads\/2025\/04\/IMG_0668-480x549.jpg 480w, https:\/\/www.keschdeichel.de\/wp-content\/uploads\/2025\/04\/IMG_0668.jpg 1700w\" sizes=\"(max-width: 895px) 100vw, 895px\" \/><figcaption class=\"wp-element-caption\">Unsere Ferienwohnung &#8222;Keschdeichel&#8220; in Gr\u00e4fenhausen, einem Stadtteil von Annweiler am Trifels.<\/figcaption><\/figure>\n\n\n\n<figure class=\"wp-block-image size-large\"><img decoding=\"async\" loading=\"lazy\" width=\"1024\" height=\"819\" src=\"https:\/\/www.keschdeichel.de\/wp-content\/uploads\/2025\/04\/Bild-20-1024x819.jpg\" alt=\"\" class=\"wp-image-314\" srcset=\"https:\/\/www.keschdeichel.de\/wp-content\/uploads\/2025\/04\/Bild-20-1024x819.jpg 1024w, https:\/\/www.keschdeichel.de\/wp-content\/uploads\/2025\/04\/Bild-20-300x240.jpg 300w, https:\/\/www.keschdeichel.de\/wp-content\/uploads\/2025\/04\/Bild-20-768x614.jpg 768w, https:\/\/www.keschdeichel.de\/wp-content\/uploads\/2025\/04\/Bild-20-1536x1229.jpg 1536w, https:\/\/www.keschdeichel.de\/wp-content\/uploads\/2025\/04\/Bild-20-1000x800.jpg 1000w, https:\/\/www.keschdeichel.de\/wp-content\/uploads\/2025\/04\/Bild-20-230x184.jpg 230w, https:\/\/www.keschdeichel.de\/wp-content\/uploads\/2025\/04\/Bild-20-350x280.jpg 350w, https:\/\/www.keschdeichel.de\/wp-content\/uploads\/2025\/04\/Bild-20-480x384.jpg 480w, https:\/\/www.keschdeichel.de\/wp-content\/uploads\/2025\/04\/Bild-20.jpg 1709w\" sizes=\"(max-width: 1024px) 100vw, 1024px\" \/><\/figure>\n\n\n\n<p class=\"has-large-font-size\">Ausstattung<\/p>\n\n\n\n<div class=\"wp-block-media-text alignwide is-stacked-on-mobile is-vertically-aligned-top is-image-fill\"><figure class=\"wp-block-media-text__media\" style=\"background-image:url(https:\/\/www.keschdeichel.de\/wp-content\/uploads\/2025\/04\/IMG_0653-1024x768.jpg);background-position:50% 50%\"><img decoding=\"async\" loading=\"lazy\" width=\"1024\" height=\"768\" src=\"https:\/\/www.keschdeichel.de\/wp-content\/uploads\/2025\/04\/IMG_0653-1024x768.jpg\" alt=\"\" class=\"wp-image-313 size-full\" srcset=\"https:\/\/www.keschdeichel.de\/wp-content\/uploads\/2025\/04\/IMG_0653-1024x768.jpg 1024w, https:\/\/www.keschdeichel.de\/wp-content\/uploads\/2025\/04\/IMG_0653-300x225.jpg 300w, https:\/\/www.keschdeichel.de\/wp-content\/uploads\/2025\/04\/IMG_0653-768x576.jpg 768w, https:\/\/www.keschdeichel.de\/wp-content\/uploads\/2025\/04\/IMG_0653-1536x1152.jpg 1536w, https:\/\/www.keschdeichel.de\/wp-content\/uploads\/2025\/04\/IMG_0653-2048x1536.jpg 2048w, https:\/\/www.keschdeichel.de\/wp-content\/uploads\/2025\/04\/IMG_0653-1000x750.jpg 1000w, https:\/\/www.keschdeichel.de\/wp-content\/uploads\/2025\/04\/IMG_0653-230x173.jpg 230w, https:\/\/www.keschdeichel.de\/wp-content\/uploads\/2025\/04\/IMG_0653-350x263.jpg 350w, https:\/\/www.keschdeichel.de\/wp-content\/uploads\/2025\/04\/IMG_0653-480x360.jpg 480w\" sizes=\"(max-width: 1024px) 100vw, 1024px\" \/><\/figure><div class=\"wp-block-media-text__content\">\n<p class=\"has-medium-font-size\">K\u00fcche<\/p>\n\n\n\n<p class=\"has-white-color has-text-color\">.<\/p>\n\n\n\n<p>In unserer gut ausgestatteten K\u00fcche befinden sich neben einem K\u00fchlschrank, einem Cerankochfeld-Herd mit integriertem Backofen, auch eine Sp\u00fclmaschine, Mikrowelle und eine hochwertige Pads Kaffeemaschine. Ebenso einen Kaffeevollautomaten, Allessschneider, Toaster, Wasserkocher, Eierkocher, Stabmixer und alle weiteren Ger\u00e4tschaften und K\u00fcchenutensilien des t\u00e4glichen Bedarfs.<\/p>\n<\/div><\/div>\n\n\n\n<div class=\"wp-block-media-text alignfull has-media-on-the-right is-stacked-on-mobile is-vertically-aligned-top is-image-fill\"><div class=\"wp-block-media-text__content\">\n<p class=\"has-white-color has-text-color\">.<\/p>\n\n\n\n<p class=\"has-medium-font-size\">Badezimmer<\/p>\n\n\n\n<p class=\"has-white-color has-text-color\">.<\/p>\n\n\n\n<p>In unserem neuen Badezimmer steht Ihnen eine Dusche, Toilette, Kosmetikspiegel und ein F\u00f6n zur Verf\u00fcgung, sowie frische Handt\u00fccher und Stauraum f\u00fcr kleinere Hygieneartikel.<\/p>\n\n\n\n<p class=\"has-white-color has-text-color\">.<\/p>\n\n\n\n<p class=\"has-white-color has-text-color\">.<\/p>\n\n\n\n<p class=\"has-white-color has-text-color\"><\/p>\n\n\n\n<p class=\"has-white-color has-text-color\">.<\/p>\n\n\n\n<p class=\"has-white-color has-text-color\">.<\/p>\n\n\n\n<p class=\"has-white-color has-text-color\">.<\/p>\n<\/div><figure class=\"wp-block-media-text__media\" style=\"background-image:url(https:\/\/www.keschdeichel.de\/wp-content\/uploads\/2025\/04\/IMG_0587-768x1024.jpg);background-position:50% 50%\"><img decoding=\"async\" loading=\"lazy\" width=\"768\" height=\"1024\" src=\"https:\/\/www.keschdeichel.de\/wp-content\/uploads\/2025\/04\/IMG_0587-768x1024.jpg\" alt=\"\" class=\"wp-image-311 size-full\" srcset=\"https:\/\/www.keschdeichel.de\/wp-content\/uploads\/2025\/04\/IMG_0587-768x1024.jpg 768w, https:\/\/www.keschdeichel.de\/wp-content\/uploads\/2025\/04\/IMG_0587-225x300.jpg 225w, https:\/\/www.keschdeichel.de\/wp-content\/uploads\/2025\/04\/IMG_0587-1152x1536.jpg 1152w, https:\/\/www.keschdeichel.de\/wp-content\/uploads\/2025\/04\/IMG_0587-1536x2048.jpg 1536w, https:\/\/www.keschdeichel.de\/wp-content\/uploads\/2025\/04\/IMG_0587-1000x1333.jpg 1000w, https:\/\/www.keschdeichel.de\/wp-content\/uploads\/2025\/04\/IMG_0587-230x307.jpg 230w, https:\/\/www.keschdeichel.de\/wp-content\/uploads\/2025\/04\/IMG_0587-350x467.jpg 350w, https:\/\/www.keschdeichel.de\/wp-content\/uploads\/2025\/04\/IMG_0587-480x640.jpg 480w, https:\/\/www.keschdeichel.de\/wp-content\/uploads\/2025\/04\/IMG_0587-scaled.jpg 1920w\" sizes=\"(max-width: 768px) 100vw, 768px\" \/><\/figure><\/div>\n\n\n\n<div class=\"wp-block-media-text alignwide is-stacked-on-mobile is-image-fill\"><figure class=\"wp-block-media-text__media\" style=\"background-image:url(https:\/\/www.keschdeichel.de\/wp-content\/uploads\/2025\/04\/IMG_0592-1024x768.jpg);background-position:50% 50%\"><img decoding=\"async\" loading=\"lazy\" width=\"1024\" height=\"768\" src=\"https:\/\/www.keschdeichel.de\/wp-content\/uploads\/2025\/04\/IMG_0592-1024x768.jpg\" alt=\"\" class=\"wp-image-310 size-full\" srcset=\"https:\/\/www.keschdeichel.de\/wp-content\/uploads\/2025\/04\/IMG_0592-1024x768.jpg 1024w, https:\/\/www.keschdeichel.de\/wp-content\/uploads\/2025\/04\/IMG_0592-300x225.jpg 300w, https:\/\/www.keschdeichel.de\/wp-content\/uploads\/2025\/04\/IMG_0592-768x576.jpg 768w, https:\/\/www.keschdeichel.de\/wp-content\/uploads\/2025\/04\/IMG_0592-1536x1152.jpg 1536w, https:\/\/www.keschdeichel.de\/wp-content\/uploads\/2025\/04\/IMG_0592-2048x1536.jpg 2048w, https:\/\/www.keschdeichel.de\/wp-content\/uploads\/2025\/04\/IMG_0592-1000x750.jpg 1000w, https:\/\/www.keschdeichel.de\/wp-content\/uploads\/2025\/04\/IMG_0592-230x173.jpg 230w, https:\/\/www.keschdeichel.de\/wp-content\/uploads\/2025\/04\/IMG_0592-350x263.jpg 350w, https:\/\/www.keschdeichel.de\/wp-content\/uploads\/2025\/04\/IMG_0592-480x360.jpg 480w\" sizes=\"(max-width: 1024px) 100vw, 1024px\" \/><\/figure><div class=\"wp-block-media-text__content\">\n<p class=\"has-white-color has-text-color\"> .<\/p>\n\n\n\n<p class=\"has-medium-font-size\">Wohnzimmer<\/p>\n\n\n\n<p class=\"has-white-color has-text-color\"> .<\/p>\n\n\n\n<p>Im gr\u00f6\u00dften Raum der Ferienwohnung, der zugleich Wohn- und Esszimmer in einem ist, k\u00f6nnen Sie sich am Abend nach einem Wanderausflug entspannen. Als Ausstattung dieses Zimmers sind Telefon, DVD-Player, Playstation 2, Full-HD-TV inkl. Sat Antenne, Kompaktanlage Radio und CD-Player vorhanden. Ebenso erhalten Sie kostenlosen Zugang zum hauseigenen W-Lan. Im Wohnzimmerbereich befindet sich auch eine Schlafcouch, die man bei Bedarf ausziehen kann. Auch der Esstisch ist f\u00fcr vier Personen ausgelegt, wobei gerne von uns auch ein Hochstuhl bereitgestellt wird. Wir legen Ihnen hier auch eine Infomappe mit Ausflugstipps und Geheimtipps aus der N\u00e4he aus.<\/p>\n<\/div><\/div>\n\n\n\n<div class=\"wp-block-media-text alignwide has-media-on-the-right is-stacked-on-mobile is-image-fill\"><div class=\"wp-block-media-text__content\">\n<p class=\"has-white-color has-text-color\">.<\/p>\n\n\n\n<p class=\"has-medium-font-size\">Schlafzimmer<\/p>\n\n\n\n<p class=\"has-white-color has-text-color\">.<\/p>\n\n\n\n<p>Im ger\u00e4umigen Schlafzimmer befindet sich ein Doppelbett (1,60m x 2,00m), ein ger\u00e4umiger Kleiderschrank sowie ein Ganzk\u00f6rperspiegel. Hier kann von uns gerne ein Kinderbett aufgebaut werden, sollten Sie ein Kleinkind mitbringen wollen.<\/p>\n\n\n\n<p class=\"has-white-color has-text-color\">.<\/p>\n\n\n\n<p class=\"has-white-color has-text-color\">.<\/p>\n<\/div><figure class=\"wp-block-media-text__media\" style=\"background-image:url(https:\/\/www.keschdeichel.de\/wp-content\/uploads\/2025\/04\/IMG_0571-1024x768.jpg);background-position:50% 50%\"><img decoding=\"async\" loading=\"lazy\" width=\"1024\" height=\"768\" src=\"https:\/\/www.keschdeichel.de\/wp-content\/uploads\/2025\/04\/IMG_0571-1024x768.jpg\" alt=\"\" class=\"wp-image-308 size-full\" srcset=\"https:\/\/www.keschdeichel.de\/wp-content\/uploads\/2025\/04\/IMG_0571-1024x768.jpg 1024w, https:\/\/www.keschdeichel.de\/wp-content\/uploads\/2025\/04\/IMG_0571-300x225.jpg 300w, https:\/\/www.keschdeichel.de\/wp-content\/uploads\/2025\/04\/IMG_0571-768x576.jpg 768w, https:\/\/www.keschdeichel.de\/wp-content\/uploads\/2025\/04\/IMG_0571-1536x1152.jpg 1536w, https:\/\/www.keschdeichel.de\/wp-content\/uploads\/2025\/04\/IMG_0571-2048x1536.jpg 2048w, https:\/\/www.keschdeichel.de\/wp-content\/uploads\/2025\/04\/IMG_0571-1000x750.jpg 1000w, https:\/\/www.keschdeichel.de\/wp-content\/uploads\/2025\/04\/IMG_0571-230x173.jpg 230w, https:\/\/www.keschdeichel.de\/wp-content\/uploads\/2025\/04\/IMG_0571-350x263.jpg 350w, https:\/\/www.keschdeichel.de\/wp-content\/uploads\/2025\/04\/IMG_0571-480x360.jpg 480w\" sizes=\"(max-width: 1024px) 100vw, 1024px\" \/><\/figure><\/div>\n\n\n\n<div class=\"wp-block-media-text alignwide is-stacked-on-mobile is-image-fill\"><figure class=\"wp-block-media-text__media\" style=\"background-image:url(https:\/\/www.keschdeichel.de\/wp-content\/uploads\/2025\/04\/IMG_0647-1024x768.jpg);background-position:50% 50%\"><img decoding=\"async\" loading=\"lazy\" width=\"1024\" height=\"768\" src=\"https:\/\/www.keschdeichel.de\/wp-content\/uploads\/2025\/04\/IMG_0647-1024x768.jpg\" alt=\"\" class=\"wp-image-316 size-full\" srcset=\"https:\/\/www.keschdeichel.de\/wp-content\/uploads\/2025\/04\/IMG_0647-1024x768.jpg 1024w, https:\/\/www.keschdeichel.de\/wp-content\/uploads\/2025\/04\/IMG_0647-300x225.jpg 300w, https:\/\/www.keschdeichel.de\/wp-content\/uploads\/2025\/04\/IMG_0647-768x576.jpg 768w, https:\/\/www.keschdeichel.de\/wp-content\/uploads\/2025\/04\/IMG_0647-1536x1152.jpg 1536w, https:\/\/www.keschdeichel.de\/wp-content\/uploads\/2025\/04\/IMG_0647-2048x1536.jpg 2048w, https:\/\/www.keschdeichel.de\/wp-content\/uploads\/2025\/04\/IMG_0647-1000x750.jpg 1000w, https:\/\/www.keschdeichel.de\/wp-content\/uploads\/2025\/04\/IMG_0647-230x173.jpg 230w, https:\/\/www.keschdeichel.de\/wp-content\/uploads\/2025\/04\/IMG_0647-350x263.jpg 350w, https:\/\/www.keschdeichel.de\/wp-content\/uploads\/2025\/04\/IMG_0647-480x360.jpg 480w\" sizes=\"(max-width: 1024px) 100vw, 1024px\" \/><\/figure><div class=\"wp-block-media-text__content\">\n<p class=\"has-white-color has-text-color\">.<\/p>\n\n\n\n<p class=\"has-medium-font-size\">Einzelzimmer<\/p>\n\n\n\n<p class=\"has-white-color has-text-color\">.<\/p>\n\n\n\n<p>Hier kann eine Person in einem Einzelbett (90 x 200cm) schlafen, daneben befindet sich ein ger\u00e4umiger Kleiderschrank.<\/p>\n\n\n\n<p class=\"has-white-color has-text-color\">.<\/p>\n\n\n\n<p class=\"has-white-color has-text-color\">.<\/p>\n\n\n\n<p class=\"has-white-color has-text-color\">.<\/p>\n\n\n\n<p class=\"has-white-color has-text-color\">.<\/p>\n<\/div><\/div>\n\n\n\n<div class=\"wp-block-media-text alignwide has-media-on-the-right is-stacked-on-mobile is-image-fill\"><div class=\"wp-block-media-text__content\">\n<p class=\"has-white-color has-text-color\">.<\/p>\n\n\n\n<p class=\"has-medium-font-size\">Terrasse<\/p>\n\n\n\n<p class=\"has-white-color has-text-color\">.<\/p>\n\n\n\n<p>Die geschlossene Terrasse mit den Gartenm\u00f6beln steht Ihnen zur alleinigen Nutzung zur Verf\u00fcgung Der Blick auf den Kastanienwald l\u00e4dt geradezu ein am Abend ein Glas Wein zu genie\u00dfen oder am Morgen ein reichhaltiges Fr\u00fchst\u00fcck einzunehmen.<\/p>\n\n\n\n<p class=\"has-white-color has-text-color\">.<\/p>\n\n\n\n<p class=\"has-white-color has-text-color\">.<\/p>\n\n\n\n<p class=\"has-white-color has-text-color\">.<\/p>\n<\/div><figure class=\"wp-block-media-text__media\" style=\"background-image:url(https:\/\/www.keschdeichel.de\/wp-content\/uploads\/2025\/04\/IMG_0596-1024x768.jpg);background-position:50% 50%\"><img decoding=\"async\" loading=\"lazy\" width=\"1024\" height=\"768\" src=\"https:\/\/www.keschdeichel.de\/wp-content\/uploads\/2025\/04\/IMG_0596-1024x768.jpg\" alt=\"\" class=\"wp-image-301 size-full\" srcset=\"https:\/\/www.keschdeichel.de\/wp-content\/uploads\/2025\/04\/IMG_0596-1024x768.jpg 1024w, https:\/\/www.keschdeichel.de\/wp-content\/uploads\/2025\/04\/IMG_0596-300x225.jpg 300w, https:\/\/www.keschdeichel.de\/wp-content\/uploads\/2025\/04\/IMG_0596-768x576.jpg 768w, https:\/\/www.keschdeichel.de\/wp-content\/uploads\/2025\/04\/IMG_0596-1536x1152.jpg 1536w, https:\/\/www.keschdeichel.de\/wp-content\/uploads\/2025\/04\/IMG_0596-2048x1536.jpg 2048w, https:\/\/www.keschdeichel.de\/wp-content\/uploads\/2025\/04\/IMG_0596-1000x750.jpg 1000w, https:\/\/www.keschdeichel.de\/wp-content\/uploads\/2025\/04\/IMG_0596-230x173.jpg 230w, https:\/\/www.keschdeichel.de\/wp-content\/uploads\/2025\/04\/IMG_0596-350x263.jpg 350w, https:\/\/www.keschdeichel.de\/wp-content\/uploads\/2025\/04\/IMG_0596-480x360.jpg 480w\" sizes=\"(max-width: 1024px) 100vw, 1024px\" \/><\/figure><\/div>\n\n\n\n<p class=\"has-large-font-size\">Anbindung<\/p>\n\n\n\n<p>In n\u00e4chster N\u00e4he unserer Ferienwohnung liegt eine Bushaltestelle, an der Sie das \u00f6ffentliche Verkehrsmittel nutzen k\u00f6nnen, um nach Annweiler und von dort an alle Orte der S\u00fcdlichen Weinstra\u00dfe zu gelangen. Ebenfalls in unserem Dorf findet sich ein B\u00e4cker mit Artikeln des t\u00e4glichen Bedarfs. Die n\u00e4chsten Superm\u00e4rkte finden sich dann in Annweiler, die man mit dem Bus oder dem Auto in wenigen Minuten erreichen kann.<\/p>\n","protected":false},"excerpt":{"rendered":"<p>in unserer neu, modern und gem\u00fctlich eingerichteten Ferienwohnung \u201eKeschdeichel\u201c. Wir leben hier im beschaulichen Dorf Gr\u00e4fenhausen, in einem Seitental der Kleinstadt Annweiler [&hellip;]<\/p>\n","protected":false},"author":2,"featured_media":0,"parent":0,"menu_order":0,"comment_status":"closed","ping_status":"closed","template":"page-templates\/page_fullwidth.php","meta":[],"_links":{"self":[{"href":"https:\/\/www.keschdeichel.de\/index.php?rest_route=\/wp\/v2\/pages\/99"}],"collection":[{"href":"https:\/\/www.keschdeichel.de\/index.php?rest_route=\/wp\/v2\/pages"}],"about":[{"href":"https:\/\/www.keschdeichel.de\/index.php?rest_route=\/wp\/v2\/types\/page"}],"author":[{"embeddable":true,"href":"https:\/\/www.keschdeichel.de\/index.php?rest_route=\/wp\/v2\/users\/2"}],"replies":[{"embeddable":true,"href":"https:\/\/www.keschdeichel.de\/index.php?rest_route=%2Fwp%2Fv2%2Fcomments&post=99"}],"version-history":[{"count":40,"href":"https:\/\/www.keschdeichel.de\/index.php?rest_route=\/wp\/v2\/pages\/99\/revisions"}],"predecessor-version":[{"id":320,"href":"https:\/\/www.keschdeichel.de\/index.php?rest_route=\/wp\/v2\/pages\/99\/revisions\/320"}],"wp:attachment":[{"href":"https:\/\/www.keschdeichel.de\/index.php?rest_route=%2Fwp%2Fv2%2Fmedia&parent=99"}],"curies":[{"name":"wp","href":"https:\/\/api.w.org\/{rel}","templated":true}]}}